{"id":349,"date":"2024-11-08T23:26:45","date_gmt":"2024-11-08T23:26:45","guid":{"rendered":"https:\/\/miram2025.web.ua.pt\/?page_id=349"},"modified":"2025-01-24T13:21:39","modified_gmt":"2025-01-24T13:21:39","slug":"workshops","status":"publish","type":"page","link":"https:\/\/miram2025.web.ua.pt\/?page_id=349","title":{"rendered":"Workshops"},"content":{"rendered":"\n<figure class=\"wp-block-table is-style-stripes\"><table class=\"has-background has-fixed-layout\" style=\"background-color:#e8faf3\"><tbody><tr><td><br><strong><mark style=\"background-color:rgba(0, 0, 0, 0)\" class=\"has-inline-color has-vivid-red-color\">VAGAS ESGOTADAS!!<\/mark><\/strong><br><br><strong>Workshop 1 (3h): <\/strong><br><strong>Tractografia: Quando? Porqu\u00ea? Como?<\/strong><br><strong><em><mark style=\"background-color:rgba(0, 0, 0, 0)\" class=\"has-inline-color has-vivid-cyan-blue-color\">Tractography: When? Why? How?<\/mark><\/em><\/strong><br><br>Este workshop oferece uma explora\u00e7\u00e3o da tractografia cl\u00ednica, uma poderosa t\u00e9cnica de neuroimagem usada para mapear e visualizar as vias da subst\u00e2ncia branca no c\u00e9rebro. A tractografia, que se baseia na imagem por tensor de difus\u00e3o (DTI), desempenha um papel crucial na compreens\u00e3o da conectividade cerebral e \u00e9 inestim\u00e1vel em ambientes cl\u00ednicos, particularmente para planejamento pr\u00e9-cir\u00fargico, dist\u00farbios neurol\u00f3gicos e estudos de desenvolvimento neurol\u00f3gico.<br>Atrav\u00e9s deste workshop, aprenderemos a interpretar tratos de subst\u00e2ncia branca em c\u00e9rebros saud\u00e1veis e com patologia, e exploraremos as suas aplica\u00e7\u00f5es na pr\u00e1tica cl\u00ednica.<br><br><em><mark style=\"background-color:rgba(0, 0, 0, 0)\" class=\"has-inline-color has-vivid-cyan-blue-color\">This workshop explores clinical tractography, a powerful neuroimaging technique used to map and visualize white matter pathways in the brain. Tractography, which is based on diffusion tensor imaging (DTI), plays a crucial role in understanding brain connectivity and is invaluable in clinical settings, particularly for presurgical planning, neurological disorders, and neurodevelopmental studies.<br>This three-hour workshop will teach us how to interpret white matter tracts in healthy and pathological brains and explore their applications in clinical practice.<\/mark><\/em><br><br>Formadores:<br>&#8211; Francisca Costa, Nuno Almeida, David Monteiro<br>&#8211; <em>Unidade Local de Sa\u00fade de Gaia\/Espinho, EPE<\/em><\/td><td><img data-dominant-color=\"393e1a\" data-has-transparency=\"false\" loading=\"lazy\" decoding=\"async\" width=\"450\" height=\"447\" class=\"wp-image-2211 not-transparent\" style=\"--dominant-color: #393e1a; width: 450px;\" src=\"https:\/\/miram2025.web.ua.pt\/wp-content\/uploads\/2024\/12\/Screenshot-2024-11-19-at-15.54.07_opt-png.webp\" alt=\"\" srcset=\"https:\/\/miram2025.web.ua.pt\/wp-content\/uploads\/2024\/12\/Screenshot-2024-11-19-at-15.54.07_opt-png.webp 450w, https:\/\/miram2025.web.ua.pt\/wp-content\/uploads\/2024\/12\/Screenshot-2024-11-19-at-15.54.07_opt-300x298.webp 300w, https:\/\/miram2025.web.ua.pt\/wp-content\/uploads\/2024\/12\/Screenshot-2024-11-19-at-15.54.07_opt-150x150.webp 150w\" sizes=\"(max-width: 450px) 100vw, 450px\" \/><\/td><\/tr><tr><td><br><strong>Workshop 2 (3h)<\/strong><br><strong>\u00c9tica&nbsp;do Cuidado &amp; Comunica\u00e7\u00e3o em Sa\u00fade<\/strong><br><mark style=\"background-color:rgba(0, 0, 0, 0)\" class=\"has-inline-color has-vivid-cyan-blue-color\"><strong><em>Ethics of Care &amp; Health Communication<\/em><\/strong><\/mark><br><br>A E\u0301tica do Cuidado, apresenta uma proposta assente em cuidados i\u0301ntegros, centrados na pessoa e no Todo. Nesta filosofia moral, a Comunicac\u0327a\u0303o em sau\u0301de assenta num dos pilares essenciais, sendo imperioso o seu desenvolvimento e correta aplicac\u0327a\u0303o para o verdadeiro Valor em sau\u0301de. A comunicac\u0327a\u0303o em sau\u0301de e\u0301 uma a\u0301rea reconhecida como me\u0301todo para alcanc\u0327ar a humanizac\u0327a\u0303o do setor da sau\u0301de e refere-se ao estudo e aplicac\u0327a\u0303o de estrate\u0301gias comunicativas para informar, esclarecer e influenciar os indivi\u0301duos e a comunidade, nas suas deciso\u0303es relativas a\u0300 promoc\u0327a\u0303o, prevenc\u0327a\u0303o e continuac\u0327a\u0303o da sua sau\u0301de. Na atualidade, mergulhada de intelige\u0302ncia artificial, robotizac\u0327a\u0303o e automatizac\u0327a\u0303o tecnolo\u0301gica, o profissional de sau\u0301de no curto peri\u0301odo de tempo que tem disponi\u0301vel para prestar os seus cuidados deve exponenciar a relac\u0327a\u0303o interpessoal com o utente, adotando modelos comunicativos baseados na empatia, compaixa\u0303o, dignidade e respeito.&nbsp;No final desta ac\u0327a\u0303o formativa os participantes devem:<br>\u00b7&nbsp;Reconhecer vantagens inerentes ao conceito de E\u0301tica Do Cuidado;<br><span style=\"font-size: 11pt; font-family: SymbolMT, serif;\"><\/span>\u00b7 Identificar o papel individual de cada profissional na promoc\u0327a\u0303o de cuidados centrados na Pessoa e no Todo, incorporando no seu quotidiano atitudes e valores facilitadores;<br><span style=\"font-size: 11pt; font-family: SymbolMT, serif;\"><\/span>\u00b7&nbsp;Ser conscientes da importa\u0302ncia da comunicac\u0327a\u0303o em sau\u0301de;<br><span style=\"font-size: 11pt; font-family: SymbolMT, serif;\"><\/span>\u00b7&nbsp;Conhecer as vertentes da comunicac\u0327a\u0303o com os utentes e familiares, comunicac\u0327a\u0303o intraprofissional e interprofissional e comunicac\u0327a\u0303o em equipas de sau\u0301de;<br><span style=\"font-size: 11pt; font-family: SymbolMT, serif;\"><\/span>\u00b7&nbsp;Saber conectar a comunicac\u0327a\u0303o verbal com a comunicac\u0327a\u0303o na\u0303o verbal;<br><span style=\"font-size: 11pt; font-family: SymbolMT, serif;\"><\/span>\u00b7&nbsp;Ser capazes de distinguir empatia e compaixa\u0303o bem como o seu empreendimento nas suas pra\u0301ticas;<br><span style=\"font-size: 11pt; font-family: SymbolMT, serif;\"><\/span>\u00b7&nbsp;Conseguir utilizar uma linguagem positiva em sau\u0301de;<br><span style=\"font-size: 11pt; font-family: SymbolMT, serif;\"><\/span>\u00b7&nbsp;Identificar quando e como recorrer a escuta ativa e escuta passiva;<p style=\"margin-right: 0cm; margin-left: 36pt; font-size: 12pt; font-family: &quot;Times New Roman&quot;, serif; white-space-collapse: collapse; text-indent: -18pt;\"><span style=\"font-size: 11pt; font-family: SymbolMT, serif;\"><\/span><\/p><br><mark style=\"background-color:rgba(0, 0, 0, 0)\" class=\"has-inline-color has-vivid-cyan-blue-color\"><em>The Ethics of Care presents a proposal based on integral care, centred on the individual and the Whole. Within this moral philosophy, Communication in healthcare constitutes one of its essential pillars, making its development and correct application imperative for achieving true Value in healthcare. Health communication is recognised as a method for achieving the humanisation of the healthcare sector, and it refers to the study and application of communicative strategies to inform, clarify, and influence individuals and the community in their decisions regarding the promotion, prevention, and continuation of their health. In today&#8217;s world, immersed in artificial intelligence, robotics, and technological automation, the healthcare professional, in the limited time available to provide care, must enhance the interpersonal relationship with the patient by adopting communicative models based on empathy, compassion, dignity, and respect.&nbsp;<\/em><br><em>At the end of this training session, participants should:<\/em><br>&#8211; <em>Recognise the advantages inherent to the concept of the Ethics of Care;<\/em><br>&#8211; <em>Identify the individual role of each professional in promoting person-centred and holistic care, incorporating facilitating attitudes and values into their daily practices;<\/em><br>&#8211; <em>Be aware of the importance of communication in healthcare;<\/em><br>&#8211; <em>Understand the aspects of communication with patients and families, intraprofessional and interprofessional communication, and communication within healthcare teams;<\/em><br>&#8211; <em>Know how to connect verbal communication with non-verbal communication;<\/em><br>&#8211; <em>Be able to distinguish between empathy and compassion and apply these concepts in their practices;<\/em><br>&#8211; <em>Be able to use positive language in healthcare;<\/em><br>&#8211; <em>Identify when and how to employ active and passive listening.<\/em><\/mark><mark style=\"background-color:rgba(0, 0, 0, 0);color:#2998c9\" class=\"has-inline-color\"><br><\/mark><br>Formadores:<br>&#8211; Nuno Filipe Veloso Dias, Mestre em Educac\u0327a\u0303o para a Sau\u0301de, Te\u0301cnico Superior de Diagno\u0301stico e Terape\u0302utica no Instituto Portugue\u0302s de Oncologia de Coimbra Francisco Gentil EPE, aluno do Doutoramento em Cie\u0302ncias da Educac\u0327a\u0303o da Faculdade de Psicologia e Cie\u0302ncias da Educac\u0327a\u0303o da Universidade de Coimbra.<br><br>&#8211; Ana Ce\u0301lia Louro, Te\u0301cnica Superior de Diagno\u0301stico e Terape\u0302utica especialista no Instituto<br>Portugue\u0302s de Oncologia de Coimbra Francisco Gentil EPE, assistente convidada na<br>Escola Superior de Sau\u0301de da Universidade de Aveiro.<\/td><td><img data-dominant-color=\"596e77\" data-has-transparency=\"false\" loading=\"lazy\" decoding=\"async\" width=\"450\" height=\"450\" class=\"wp-image-2214 not-transparent\" style=\"--dominant-color: #596e77; width: 450px;\" src=\"https:\/\/miram2025.web.ua.pt\/wp-content\/uploads\/2024\/12\/etica-e-tc_opt-png.webp\" alt=\"\" srcset=\"https:\/\/miram2025.web.ua.pt\/wp-content\/uploads\/2024\/12\/etica-e-tc_opt-png.webp 450w, https:\/\/miram2025.web.ua.pt\/wp-content\/uploads\/2024\/12\/etica-e-tc_opt-300x300.webp 300w, https:\/\/miram2025.web.ua.pt\/wp-content\/uploads\/2024\/12\/etica-e-tc_opt-150x150.webp 150w\" sizes=\"(max-width: 450px) 100vw, 450px\" \/><\/td><\/tr><tr><td><br><strong><mark style=\"background-color:rgba(0, 0, 0, 0)\" class=\"has-inline-color has-vivid-red-color\">VAGAS ESGOTADAS!!<\/mark><\/strong><br><br><strong>Workshop 3 (2h)<\/strong><br><strong>ABCDE: An\u00e1lise Sistem\u00e1tica da Radiografia do T\u00f3rax<\/strong><br><strong><em><mark style=\"background-color:rgba(0, 0, 0, 0)\" class=\"has-inline-color has-vivid-cyan-blue-color\">ABCDE: Systematic analysis of Chest Radiograph<\/mark><\/em><\/strong><br><br>A radiografia do T\u00f3rax est\u00e1 entre os exames mais realizados nos departamentos de Imagiologia em todo o mundo. No entanto, a sua interpreta\u00e7\u00e3o continua a ser um desafio para os profissionais de sa\u00fade onde se incluem os T\u00e9cnicos de Radiologia e de Imagem M\u00e9dica e Radioterapia.&nbsp;&nbsp;<br>Com este Workshop pretende-se que os formandos sejam capazes de avaliar de uma forma sistem\u00e1tica e detalhada a radiografia do T\u00f3rax, identificando o que \u00e9 normal, sinalizando altera\u00e7\u00f5es ao normal e patologias que muitas vezes s\u00e3o subtis, mas que poder\u00e3o ser clinicamente significativas. A identifica\u00e7\u00e3o destas altera\u00e7\u00f5es pode contribuir para um diagn\u00f3stico mais r\u00e1pido e preciso.&nbsp;<br>Depois de uma breve exposi\u00e7\u00e3o relativa ao que deve ser uma abordagem sistem\u00e1tica na an\u00e1lise da radiografia do t\u00f3rax e das patologias mais frequentes, os formandos s\u00e3o convidados a interagir e participar atrav\u00e9s da observa\u00e7\u00e3o e an\u00e1lise de v\u00e1rios casos cl\u00ednicos (estudos radiol\u00f3gicos do t\u00f3rax) com presen\u00e7a de altera\u00e7\u00f5es de diferente etiologia e gravidade.&nbsp;&nbsp;<br>&nbsp;<br><em><mark style=\"background-color:rgba(0, 0, 0, 0)\" class=\"has-inline-color has-vivid-cyan-blue-color\">Chest radiographs are one of the most commonly performed exams in imaging departments worldwide. However, their interpretation remains a challenge for healthcare professionals, including\u202f Diagnostic Radiographers.&nbsp;<br>This workshop aims to help participants to develop the ability to evaluate chest radiographs systematically, distinguishing normal findings and identifying chest pathologies that are often subtle but can have significant clinical implications. Identifying these abnormalities can contribute to a faster and more accurate diagnosis.&nbsp;<br>This interactive workshop will include real cases and all participants will have the opportunity to interpret clinical cases.<\/mark><\/em>&nbsp;<br><br>Formadora: <br>&#8211; Ana Filipa Valente, <br>BSc Radiography &#8211; School of Health Sciences (University of Aveiro)&nbsp;<br>MSK and Adult&nbsp; Chest Reporting&nbsp;<br>Senior Reporting Radiographer&nbsp;<\/td><td><img data-dominant-color=\"898989\" data-has-transparency=\"false\" loading=\"lazy\" decoding=\"async\" width=\"450\" height=\"268\" class=\"wp-image-2217 not-transparent\" style=\"--dominant-color: #898989; width: 450px;\" src=\"https:\/\/miram2025.web.ua.pt\/wp-content\/uploads\/2024\/12\/Torax_workshop_opt-png.webp\" alt=\"\" srcset=\"https:\/\/miram2025.web.ua.pt\/wp-content\/uploads\/2024\/12\/Torax_workshop_opt-png.webp 450w, https:\/\/miram2025.web.ua.pt\/wp-content\/uploads\/2024\/12\/Torax_workshop_opt-300x179.webp 300w\" sizes=\"(max-width: 450px) 100vw, 450px\" \/><\/td><\/tr><tr><td><br><strong><mark style=\"background-color:rgba(0, 0, 0, 0)\" class=\"has-inline-color has-vivid-red-color\">VAGAS ESGOTADAS!!<\/mark><\/strong><br><br><strong>Workshop 4 (3h)<\/strong><br><strong>P\u00f3s-Processamento Avan\u00e7ado em TC &amp; RM Cardiaca&nbsp;(GE)<\/strong><br><strong><em><mark style=\"background-color:rgba(0, 0, 0, 0)\" class=\"has-inline-color has-vivid-cyan-blue-color\">Advanced Post-Processing in Cardiac CT &amp; MRI&nbsp;(GE)<\/mark><\/em><\/strong><br><br> &#8211; Boas pr\u00e1ticas de aquisi\u00e7\u00e3o e p\u00f3s-processamento de Angio-TC Coron\u00e1rio<br>&#8211; &nbsp;Impacto da IA\/Deep Learning na aquisi\u00e7\u00e3o e p\u00f3s-procesamento de RM Card\u00edaca<br><br><br><mark style=\"background-color:rgba(0, 0, 0, 0)\" class=\"has-inline-color has-vivid-cyan-blue-color\"><em>&#8211; Good practices for acquisition and post-processing of Coronary CT Angio<br>&#8211; Impact of AI\/Deep Learning on Cardiac MRI acquisition and post-processing<\/em><\/mark><br><br>Formadores:<br>Diogo Santos, GE HealthCare<br>Pedro Amorim, GE HealthCare<\/td><td><img loading=\"lazy\" decoding=\"async\" width=\"450\" height=\"450\" class=\"wp-image-1699\" style=\"width: 450px;\" src=\"https:\/\/miram2025.web.ua.pt\/wp-content\/uploads\/2024\/12\/GE-Cardiaca.webp\" alt=\"\" srcset=\"https:\/\/miram2025.web.ua.pt\/wp-content\/uploads\/2024\/12\/GE-Cardiaca.webp 1024w, https:\/\/miram2025.web.ua.pt\/wp-content\/uploads\/2024\/12\/GE-Cardiaca-300x300.webp 300w, https:\/\/miram2025.web.ua.pt\/wp-content\/uploads\/2024\/12\/GE-Cardiaca-150x150.webp 150w, https:\/\/miram2025.web.ua.pt\/wp-content\/uploads\/2024\/12\/GE-Cardiaca-768x768.webp 768w, https:\/\/miram2025.web.ua.pt\/wp-content\/uploads\/2024\/12\/GE-Cardiaca-470x470.webp 470w\" sizes=\"(max-width: 450px) 100vw, 450px\" \/><\/td><\/tr><tr><td><br><strong><mark style=\"background-color:rgba(0, 0, 0, 0)\" class=\"has-inline-color has-vivid-red-color\">VAGAS ESGOTADAS!!<\/mark><\/strong><br><br><strong>Workshop 5 (3h)<\/strong><br><strong><em>Machine Learning<\/em> em Imagem M\u00e9dica: Abordagem Pr\u00e1tica<\/strong><br><strong><mark style=\"background-color:rgba(0, 0, 0, 0)\" class=\"has-inline-color has-vivid-cyan-blue-color\"><em>Machine Learning in Medical Imaging: Use Cases<\/em><\/mark><\/strong><br><br>Queres experimentar como podemos aplicar ML \u00e0 Imagem M\u00e9dica?\u202fNeste Workshop ter\u00e1s a oportunidade de perceber todo o processo, partindo da imagem, sua segmenta\u00e7\u00e3o, extra\u00e7\u00e3o de dados radi\u00f3micos e aplica\u00e7\u00e3o de m\u00e9todos de ML para obter respostas a quest\u00f5es cl\u00ednicas.&nbsp;<br><br><em><mark style=\"background-color:rgba(0, 0, 0, 0)\" class=\"has-inline-color has-vivid-cyan-blue-color\">Want to try out how we can apply ML to Medical Imaging? In this workshop, you will have the opportunity to understand the entire process, starting with the image, its segmentation, radiomics data extraction, and the application of ML methods to obtain answers to clinical questions.&nbsp;<\/mark><\/em><br><br>Formadores:<br>&#8211; Augusto Marques Ferreira da Silva,<strong> <\/strong>Prof. Associado, Departamento de Eletr\u00f3nica, Telecomunica\u00e7\u00f5es e Inform\u00e1tica da Universidade de Aveiro, IEETA \u2013 Instituto de Engenharia Eletr\u00f3nica, Telecomunica\u00e7\u00f5es e Inform\u00e1tica.<br>&nbsp;<br>&#8211; Silvia De Francesco, Prof. Adjunto, ESSUA &#8211; Escola Superior de Sa\u00fade da Universidade de Aveiro, IEETA \u2013 Instituto de Engenharia Eletr\u00f3nica, Telecomunica\u00e7\u00f5es e Inform\u00e1tica.<\/td><td><img loading=\"lazy\" decoding=\"async\" width=\"450\" height=\"328\" class=\"wp-image-1735\" style=\"width: 450px;\" src=\"https:\/\/miram2025.web.ua.pt\/wp-content\/uploads\/2024\/12\/Use-Cases_silvia.webp\" alt=\"\" srcset=\"https:\/\/miram2025.web.ua.pt\/wp-content\/uploads\/2024\/12\/Use-Cases_silvia.webp 685w, https:\/\/miram2025.web.ua.pt\/wp-content\/uploads\/2024\/12\/Use-Cases_silvia-300x219.webp 300w\" sizes=\"(max-width: 450px) 100vw, 450px\" \/><\/td><\/tr><\/tbody><\/table><\/figure>\n\n\n\n<p><\/p>\n\n\n\n<p><\/p>\n","protected":false},"excerpt":{"rendered":"<p>VAGAS ESGOTADAS!! Workshop 1 (3h): Tractografia: Quando? Porqu\u00ea? Como?Tractography: When? Why? How? Este workshop oferece uma explora\u00e7\u00e3o da tractografia cl\u00ednica, uma poderosa t\u00e9cnica de neuroimagem usada para mapear e visualizar as vias da subst\u00e2ncia branca no c\u00e9rebro. A tractografia, que se baseia na imagem por tensor de difus\u00e3o (DTI), desempenha um papel crucial na compreens\u00e3o &hellip; <\/p>\n","protected":false},"author":1,"featured_media":0,"parent":0,"menu_order":0,"comment_status":"closed","ping_status":"closed","template":"","meta":{"footnotes":""},"class_list":["post-349","page","type-page","status-publish","hentry"],"amp_enabled":true,"_links":{"self":[{"href":"https:\/\/miram2025.web.ua.pt\/index.php?rest_route=\/wp\/v2\/pages\/349"}],"collection":[{"href":"https:\/\/miram2025.web.ua.pt\/index.php?rest_route=\/wp\/v2\/pages"}],"about":[{"href":"https:\/\/miram2025.web.ua.pt\/index.php?rest_route=\/wp\/v2\/types\/page"}],"author":[{"embeddable":true,"href":"https:\/\/miram2025.web.ua.pt\/index.php?rest_route=\/wp\/v2\/users\/1"}],"replies":[{"embeddable":true,"href":"https:\/\/miram2025.web.ua.pt\/index.php?rest_route=%2Fwp%2Fv2%2Fcomments&post=349"}],"version-history":[{"count":64,"href":"https:\/\/miram2025.web.ua.pt\/index.php?rest_route=\/wp\/v2\/pages\/349\/revisions"}],"predecessor-version":[{"id":2822,"href":"https:\/\/miram2025.web.ua.pt\/index.php?rest_route=\/wp\/v2\/pages\/349\/revisions\/2822"}],"wp:attachment":[{"href":"https:\/\/miram2025.web.ua.pt\/index.php?rest_route=%2Fwp%2Fv2%2Fmedia&parent=349"}],"curies":[{"name":"wp","href":"https:\/\/api.w.org\/{rel}","templated":true}]}}