{"id":361,"date":"2024-11-08T23:28:17","date_gmt":"2024-11-08T23:28:17","guid":{"rendered":"https:\/\/miram2025.web.ua.pt\/?page_id=361"},"modified":"2025-01-24T13:23:41","modified_gmt":"2025-01-24T13:23:41","slug":"inscricoes-registration","status":"publish","type":"page","link":"https:\/\/miram2025.web.ua.pt\/?page_id=361","title":{"rendered":"Inscri\u00e7\u00f5es | Registration"},"content":{"rendered":"\n<p><\/p>\n\n\n\n<p class=\"has-text-align-center has-black-color has-text-color has-link-color has-large-font-size wp-elements-b0e187bb370b8d8eb9eb52c2d1c37028\"><strong>Datas Importantes<\/strong><\/p>\n\n\n\n<p class=\"has-text-align-center has-black-color has-text-color has-link-color has-large-font-size wp-elements-816db1eee6930582ecb85a605a640553\"><strong><em><mark style=\"background-color:rgba(0, 0, 0, 0)\" class=\"has-inline-color has-vivid-cyan-blue-color\">Important Dates<\/mark><\/em><\/strong><\/p>\n\n\n\n<figure class=\"wp-block-table aligncenter is-style-stripes\"><table class=\"has-fixed-layout\"><thead><tr><th><\/th><th class=\"has-text-align-center\" data-align=\"center\"><\/th><\/tr><\/thead><tbody><tr><td>Submiss\u00e3o de trabalhos<br><em><mark style=\"background-color:rgba(0, 0, 0, 0)\" class=\"has-inline-color has-vivid-cyan-blue-color\">Abstract submission<\/mark><\/em><\/td><td class=\"has-text-align-center\" data-align=\"center\"><s>7 de janeiro de 2025 <\/s><strong><mark style=\"background-color:rgba(0, 0, 0, 0)\" class=\"has-inline-color has-vivid-red-color\">21<\/mark><\/strong><strong><mark style=\"background-color:rgba(0, 0, 0, 0)\" class=\"has-inline-color has-vivid-red-color\"> de janeiro de 2025<\/mark><\/strong><br><s><em><mark style=\"background-color:rgba(0, 0, 0, 0)\" class=\"has-inline-color has-vivid-cyan-blue-color\">January 7, 2025<\/mark><\/em> <\/s><mark style=\"background-color:rgba(0, 0, 0, 0)\" class=\"has-inline-color has-vivid-red-color\"><strong>21<\/strong><\/mark><mark style=\"background-color:rgba(0, 0, 0, 0)\" class=\"has-inline-color has-vivid-red-color\"><strong> Jan 2025<\/strong><\/mark><br><\/td><\/tr><tr><td>Notifica\u00e7\u00e3o dos autores<br><em><mark style=\"background-color:rgba(0, 0, 0, 0)\" class=\"has-inline-color has-vivid-cyan-blue-color\">Notification to authors<\/mark><\/em><\/td><td class=\"has-text-align-center\" data-align=\"center\"><s>14 de janeiro de 2025<\/s><mark style=\"background-color:rgba(0, 0, 0, 0)\" class=\"has-inline-color has-vivid-red-color\"><strong> 28 de janeiro de 2025<\/strong><\/mark><br><mark style=\"background-color:rgba(0, 0, 0, 0)\" class=\"has-inline-color has-vivid-cyan-blue-color\"><s>January 14, 2025<\/s><\/mark> <strong><mark style=\"background-color:rgba(0, 0, 0, 0)\" class=\"has-inline-color has-vivid-red-color\">28 Jan 2025<\/mark><\/strong><\/td><\/tr><tr><td>Inscri\u00e7\u00e3o com tarifa reduzida<br><em><mark style=\"background-color:rgba(0, 0, 0, 0)\" class=\"has-inline-color has-vivid-cyan-blue-color\">Early fee<\/mark><\/em><\/td><td class=\"has-text-align-center\" data-align=\"center\"><s>20 de janeiro de 2025<\/s> <mark style=\"background-color:rgba(0, 0, 0, 0)\" class=\"has-inline-color has-vivid-red-color\"><strong>24 de janeiro de 2025<\/strong><\/mark><br><s><em><mark style=\"background-color:rgba(0, 0, 0, 0)\" class=\"has-inline-color has-vivid-cyan-blue-color\">January 20, 2025<\/mark><\/em> <\/s><strong><mark style=\"background-color:rgba(0, 0, 0, 0)\" class=\"has-inline-color has-vivid-red-color\"> <\/mark><\/strong><strong><mark style=\"background-color:rgba(0, 0, 0, 0)\" class=\"has-inline-color has-vivid-red-color\">24 Jan 2025<\/mark><\/strong><\/td><\/tr><tr><td>Inscri\u00e7\u00e3o com tarifa reduzida (autores de trabalhos aceites)<br><em><mark style=\"background-color:rgba(0, 0, 0, 0)\" class=\"has-inline-color has-vivid-cyan-blue-color\">Early fee (authors of accepted abstracts)<\/mark><\/em><\/td><td class=\"has-text-align-center\" data-align=\"center\"><s>24 de janeiro de 2025<\/s> <mark style=\"background-color:rgba(0, 0, 0, 0)\" class=\"has-inline-color has-vivid-red-color\"><strong>31 de janeiro de 2025<\/strong><\/mark><br><em><mark style=\"background-color:rgba(0, 0, 0, 0)\" class=\"has-inline-color has-vivid-cyan-blue-color\"><s>January 24, 2025<\/s><\/mark><\/em> <mark style=\"background-color:rgba(0, 0, 0, 0)\" class=\"has-inline-color has-vivid-red-color\"><strong>31 Jan 2025<\/strong><\/mark><\/td><\/tr><\/tbody><\/table><\/figure>\n\n\n\n<p>Registe-se <strong><mark style=\"background-color:#ffffff\" class=\"has-inline-color has-vivid-cyan-blue-color\"><a href=\"https:\/\/forms.ua.pt\/index.php?r=survey\/index&amp;sid=576913&amp;lang=pt\" target=\"_blank\" rel=\"noreferrer noopener\">aqui<\/a><\/mark><\/strong><\/p>\n\n\n\n<p><em><mark style=\"background-color:rgba(0, 0, 0, 0)\" class=\"has-inline-color has-black-color\">Registration <\/mark><strong><mark style=\"background-color:#ffffff\" class=\"has-inline-color has-vivid-cyan-blue-color\"><a href=\"https:\/\/forms.ua.pt\/index.php?r=survey\/index&amp;sid=576913&amp;lang=en\" target=\"_blank\" rel=\"noreferrer noopener\">here<\/a>.<\/mark><\/strong><\/em><\/p>\n\n\n\n<div class=\"wp-block-group\"><div class=\"wp-block-group__inner-container is-layout-constrained wp-block-group-is-layout-constrained\">\n<div class=\"wp-block-columns is-layout-flex wp-container-core-columns-is-layout-1 wp-block-columns-is-layout-flex\">\n<div class=\"wp-block-column is-layout-flow wp-block-column-is-layout-flow\" style=\"flex-basis:100%\">\n<figure class=\"wp-block-table aligncenter is-style-stripes\"><table class=\"has-fixed-layout\"><thead><tr><th><\/th><th class=\"has-text-align-center\" data-align=\"center\">Pre\u00e7o*<br><strong>(antes de <s>20<\/s> <\/strong><mark style=\"background-color:rgba(0, 0, 0, 0)\" class=\"has-inline-color has-vivid-red-color\">24<\/mark><strong> de janeiro de 2025)<\/strong><br><em><mark style=\"background-color:rgba(0, 0, 0, 0)\" class=\"has-inline-color has-vivid-cyan-blue-color\">Early Fee* <\/mark><\/em><br><mark style=\"background-color:rgba(0, 0, 0, 0)\" class=\"has-inline-color has-vivid-cyan-blue-color\"><strong><em>(before January <s>20<\/s> <\/em><\/strong><\/mark><em><mark style=\"background-color:rgba(0, 0, 0, 0)\" class=\"has-inline-color has-vivid-red-color\">24<\/mark><\/em><mark style=\"background-color:rgba(0, 0, 0, 0)\" class=\"has-inline-color has-vivid-cyan-blue-color\"><strong><em>, 2025)<\/em><\/strong><\/mark><\/th><th class=\"has-text-align-center\" data-align=\"center\">Pre\u00e7o*<br><strong>(depois de <s>20<\/s> <\/strong><mark style=\"background-color:rgba(0, 0, 0, 0)\" class=\"has-inline-color has-vivid-red-color\">24<\/mark><strong> de janeiro de 2025)<\/strong><br><em><mark style=\"background-color:rgba(0, 0, 0, 0)\" class=\"has-inline-color has-vivid-cyan-blue-color\">Late Fee*<\/mark><\/em><br><mark style=\"background-color:rgba(0, 0, 0, 0)\" class=\"has-inline-color has-vivid-cyan-blue-color\"><strong><em>(after January <s>20<\/s> <\/em><\/strong><\/mark><em><mark style=\"background-color:rgba(0, 0, 0, 0)\" class=\"has-inline-color has-vivid-red-color\">24<\/mark><\/em><mark style=\"background-color:rgba(0, 0, 0, 0)\" class=\"has-inline-color has-vivid-cyan-blue-color\"><strong><em>, 2025)<\/em><\/strong><\/mark><\/th><\/tr><\/thead><tbody><tr><td>Estudantes* ESSUA\/UA<br><em><mark style=\"background-color:rgba(0, 0, 0, 0)\" class=\"has-inline-color has-vivid-cyan-blue-color\">Students* ESSUA \/ UA<\/mark><\/em><\/td><td class=\"has-text-align-center\" data-align=\"center\">20,22\u20ac<\/td><td class=\"has-text-align-center\" data-align=\"center\">30,22\u20ac<\/td><\/tr><tr><td>Outros estudantes**\/Antigos estudantes**\/ Tutores (Colaboradores ESSUA)<br><em><mark style=\"background-color:rgba(0, 0, 0, 0)\" class=\"has-inline-color has-vivid-cyan-blue-color\">Other students* \/ Alumni* \/ Tutors (ESSUA collaborators)<\/mark><\/em><\/td><td class=\"has-text-align-center\" data-align=\"center\">25,22\u20ac<\/td><td class=\"has-text-align-center\" data-align=\"center\">40,22\u20ac<\/td><\/tr><tr><td>Profissionais de Sa\u00fade \/ Outros<br><em><mark style=\"background-color:rgba(0, 0, 0, 0)\" class=\"has-inline-color has-vivid-cyan-blue-color\">Healthcare professionals \/ Others<\/mark><\/em><\/td><td class=\"has-text-align-center\" data-align=\"center\">50,22\u20ac<\/td><td class=\"has-text-align-center\" data-align=\"center\">70,22\u20ac<\/td><\/tr><tr><td>Jantar Conv\u00edvio<br><em><mark style=\"background-color:rgba(0, 0, 0, 0)\" class=\"has-inline-color has-vivid-cyan-blue-color\">Conference Dinner<\/mark><\/em><\/td><td class=\"has-text-align-center\" data-align=\"center\">A designar<br><em><mark style=\"background-color:rgba(0, 0, 0, 0)\" class=\"has-inline-color has-vivid-cyan-blue-color\">To be announced<\/mark><\/em><\/td><td class=\"has-text-align-center\" data-align=\"center\">A designar<br><em><mark style=\"background-color:rgba(0, 0, 0, 0)\" class=\"has-inline-color has-vivid-cyan-blue-color\">To be announced<\/mark><\/em><\/td><\/tr><\/tbody><\/table><figcaption class=\"wp-element-caption\">*Inscri\u00e7\u00e3o a ser validada mediante pagamento, quando solicitado<br><em><mark style=\"background-color:rgba(0, 0, 0, 0)\" class=\"has-inline-color has-vivid-cyan-blue-color\">* Registration to be validated after payment, required by the organization <\/mark><\/em><br>**Mediante comprovativo<br><em><mark style=\"background-color:rgba(0, 0, 0, 0)\" class=\"has-inline-color has-vivid-cyan-blue-color\">**Must provide proof of enrollment.<\/mark><\/em><\/figcaption><\/figure>\n<\/div>\n<\/div>\n\n\n\n<p><\/p>\n\n\n\n<p>A inscri\u00e7\u00e3o na confer\u00eancia inclui a presen\u00e7a em todas as sess\u00f5es do MIRAM, Welcome Coffee, Coffee-Breaks e Certificado de Participa\u00e7\u00e3o.<\/p>\n\n\n\n<p><em><mark style=\"background-color:rgba(0, 0, 0, 0)\" class=\"has-inline-color has-vivid-cyan-blue-color\">The conference fee&nbsp;includes attendance at all MIRAM Sessions, Welcome Coffee, Coffee-Breaks, and Certificate of Attendance.<\/mark><\/em><\/p>\n\n\n\n<p class=\"has-small-font-size\"><\/p>\n<\/div><\/div>\n\n\n\n<div class=\"wp-block-group\"><div class=\"wp-block-group__inner-container is-layout-constrained wp-block-group-is-layout-constrained\">\n<p class=\"has-medium-font-size\">Registe-se <strong><mark style=\"background-color:#ffffff\" class=\"has-inline-color has-vivid-cyan-blue-color\"><a href=\"https:\/\/forms.ua.pt\/index.php?r=survey\/index&amp;sid=576913&amp;lang=pt\" target=\"_blank\" rel=\"noreferrer noopener\">aqui<\/a><\/mark><\/strong><\/p>\n\n\n\n<p class=\"has-medium-font-size\"><em><mark style=\"background-color:rgba(0, 0, 0, 0)\" class=\"has-inline-color has-black-color\">Registration <\/mark><strong><mark style=\"background-color:#ffffff\" class=\"has-inline-color has-vivid-cyan-blue-color\"><a href=\"https:\/\/forms.ua.pt\/index.php?r=survey\/index&amp;sid=576913&amp;lang=en\" target=\"_blank\" rel=\"noreferrer noopener\">here<\/a><\/mark><\/strong><\/em><\/p>\n\n\n\n<p><\/p>\n\n\n\n<p class=\"has-vivid-cyan-blue-color has-text-color has-link-color has-medium-font-size wp-elements-e5e3ae9cd6a0dcd111dcfb82a4c5bca5\"><strong><mark style=\"background-color:rgba(0, 0, 0, 0)\" class=\"has-inline-color has-black-color\">Workshops<\/mark><\/strong><\/p>\n\n\n\n<p><\/p>\n\n\n\n<figure class=\"wp-block-table aligncenter is-style-stripes\"><table class=\"has-fixed-layout\"><thead><tr><th>Workshop<\/th><th>Pre\u00e7o<br><em><mark style=\"background-color:rgba(0, 0, 0, 0)\" class=\"has-inline-color has-vivid-cyan-blue-color\">Fee<\/mark><\/em><\/th><th class=\"has-text-align-center\" data-align=\"center\">N\u00ba m\u00ednimo\/m\u00e1ximo de participantes<br><em><mark style=\"background-color:rgba(0, 0, 0, 0)\" class=\"has-inline-color has-vivid-cyan-blue-color\">Minimum\/Maximum n\u00ba of participantes<\/mark><\/em><\/th><\/tr><\/thead><tbody><tr><td><strong><mark style=\"background-color:rgba(0, 0, 0, 0)\" class=\"has-inline-color has-vivid-red-color\">VAGAS ESGOTADAS!!<\/mark><\/strong><br><strong>Workshop 1<\/strong> : <br><strong>Tratografia: Quando? Porqu\u00ea?  Como<\/strong>?<br><strong><mark style=\"background-color:rgba(0, 0, 0, 0)\" class=\"has-inline-color has-vivid-cyan-blue-color\"><em>Tractography: When? Why? How?<\/em><\/mark><\/strong><\/td><td>20,22\u20ac<\/td><td class=\"has-text-align-center\" data-align=\"center\">8\/16<\/td><\/tr><tr><td><strong>Workshop 2 : <\/strong><br><strong>\u00c9tica&nbsp;do Cuidado &amp; Comunica\u00e7\u00e3o em Sa\u00fade<\/strong><br><mark style=\"background-color:rgba(0, 0, 0, 0)\" class=\"has-inline-color has-vivid-cyan-blue-color\"><strong><em>Ethics of Care &amp; Health Communication<\/em><\/strong><\/mark><\/td><td>10,22\u20ac<\/td><td class=\"has-text-align-center\" data-align=\"center\">10\/20<\/td><\/tr><tr><td><strong><mark style=\"background-color:rgba(0, 0, 0, 0)\" class=\"has-inline-color has-vivid-red-color\">VAGAS ESGOTADAS!!<\/mark><\/strong><br><strong>Workshop 3 <\/strong><br><strong>ABCDE: An\u00e1lise Sistem\u00e1tica da Radiografia do T\u00f3rax<\/strong><br><strong><mark style=\"background-color:rgba(0, 0, 0, 0)\" class=\"has-inline-color has-vivid-cyan-blue-color\"><em>ABCDE: <\/em><\/mark><em><mark style=\"background-color:rgba(0, 0, 0, 0)\" class=\"has-inline-color has-vivid-cyan-blue-color\">Systematic analysis of Chest Radiograph<\/mark><\/em><\/strong><\/td><td>10,22\u20ac<\/td><td class=\"has-text-align-center\" data-align=\"center\">10\/25<\/td><\/tr><tr><td><strong><mark style=\"background-color:rgba(0, 0, 0, 0)\" class=\"has-inline-color has-vivid-red-color\">VAGAS ESGOTADAS!!<\/mark><\/strong><br><strong>Workshop 4<\/strong> <br><strong>P\u00f3s-Processamento Avan\u00e7ado em TC &amp; RM Cardiaca<\/strong> (GE)<br><strong><mark style=\"background-color:rgba(0, 0, 0, 0)\" class=\"has-inline-color has-vivid-cyan-blue-color\"><em>Advanced Post-Processing Imaging in Cardiac CT &amp; MRI<\/em><\/mark><\/strong><\/td><td>20,22\u20ac<\/td><td class=\"has-text-align-center\" data-align=\"center\">8\/16<\/td><\/tr><tr><td><strong><mark style=\"background-color:rgba(0, 0, 0, 0)\" class=\"has-inline-color has-vivid-red-color\">VAGAS ESGOTADAS!!<\/mark><\/strong><br><strong>Workshops 5<\/strong><br><strong>ML em Imagem m\u00e9dica: Abordagem Pr\u00e1tica<\/strong><br><strong><mark style=\"background-color:rgba(0, 0, 0, 0)\" class=\"has-inline-color has-vivid-cyan-blue-color\"><em>ML in Medical Imaging: use cases<\/em><\/mark><\/strong><\/td><td>20,22\u20ac<\/td><td class=\"has-text-align-center\" data-align=\"center\">8\/16<\/td><\/tr><\/tbody><\/table><\/figure>\n<\/div><\/div>\n\n\n\n<p><\/p>\n\n\n\n<p class=\"has-large-font-size\">Registe-se <strong><mark style=\"background-color:#ffffff\" class=\"has-inline-color has-vivid-cyan-blue-color\"><a href=\"https:\/\/forms.ua.pt\/index.php?r=survey\/index&amp;sid=576913&amp;lang=pt\" target=\"_blank\" rel=\"noreferrer noopener\">aqui<\/a><\/mark><\/strong><\/p>\n\n\n\n<p class=\"has-large-font-size\"><em><mark style=\"background-color:rgba(0, 0, 0, 0)\" class=\"has-inline-color has-black-color\">Registration <\/mark><strong><mark style=\"background-color:#ffffff\" class=\"has-inline-color has-vivid-cyan-blue-color\"><a href=\"https:\/\/forms.ua.pt\/index.php?r=survey\/index&amp;sid=576913&amp;lang=en\" target=\"_blank\" rel=\"noreferrer noopener\">here<\/a><\/mark><\/strong><\/em><\/p>\n","protected":false},"excerpt":{"rendered":"<p>Datas Importantes Important Dates Submiss\u00e3o de trabalhosAbstract submission 7 de janeiro de 2025 21 de janeiro de 2025January 7, 2025 21 Jan 2025 Notifica\u00e7\u00e3o dos autoresNotification to authors 14 de janeiro de 2025 28 de janeiro de 2025January 14, 2025 28 Jan 2025 Inscri\u00e7\u00e3o com tarifa reduzidaEarly fee 20 de janeiro de 2025 24 de &hellip; <\/p>\n","protected":false},"author":1,"featured_media":0,"parent":0,"menu_order":0,"comment_status":"closed","ping_status":"closed","template":"","meta":{"footnotes":""},"class_list":["post-361","page","type-page","status-publish","hentry"],"amp_enabled":true,"_links":{"self":[{"href":"https:\/\/miram2025.web.ua.pt\/index.php?rest_route=\/wp\/v2\/pages\/361"}],"collection":[{"href":"https:\/\/miram2025.web.ua.pt\/index.php?rest_route=\/wp\/v2\/pages"}],"about":[{"href":"https:\/\/miram2025.web.ua.pt\/index.php?rest_route=\/wp\/v2\/types\/page"}],"author":[{"embeddable":true,"href":"https:\/\/miram2025.web.ua.pt\/index.php?rest_route=\/wp\/v2\/users\/1"}],"replies":[{"embeddable":true,"href":"https:\/\/miram2025.web.ua.pt\/index.php?rest_route=%2Fwp%2Fv2%2Fcomments&post=361"}],"version-history":[{"count":83,"href":"https:\/\/miram2025.web.ua.pt\/index.php?rest_route=\/wp\/v2\/pages\/361\/revisions"}],"predecessor-version":[{"id":2825,"href":"https:\/\/miram2025.web.ua.pt\/index.php?rest_route=\/wp\/v2\/pages\/361\/revisions\/2825"}],"wp:attachment":[{"href":"https:\/\/miram2025.web.ua.pt\/index.php?rest_route=%2Fwp%2Fv2%2Fmedia&parent=361"}],"curies":[{"name":"wp","href":"https:\/\/api.w.org\/{rel}","templated":true}]}}