{"id":367,"date":"2024-11-08T23:29:29","date_gmt":"2024-11-08T23:29:29","guid":{"rendered":"https:\/\/miram2025.web.ua.pt\/?page_id=367"},"modified":"2025-01-16T17:22:17","modified_gmt":"2025-01-16T17:22:17","slug":"submissoes-submissions","status":"publish","type":"page","link":"https:\/\/miram2025.web.ua.pt\/?page_id=367","title":{"rendered":"Submiss\u00f5es \/ Submissions"},"content":{"rendered":"\n<p>At\u00e9 <s>7 de janeiro<\/s> <strong><mark style=\"background-color:rgba(0, 0, 0, 0)\" class=\"has-inline-color has-vivid-red-color\">21 de janeiro<\/mark><\/strong> de 2025, encontra-se aberto o per\u00edodo para submiss\u00e3o de resumos (para comunica\u00e7\u00f5es livres orais ou em formato de poster) para o Medical Imaging and Radiotherapy Aveiro\u2019s Meeting (MIRAM 2025).<\/p>\n\n\n\n<ul class=\"wp-block-list\">\n<li>Os trabalhos a submeter devem ser relativos a trabalhos de investiga\u00e7\u00e3o &nbsp;originais j\u00e1 conclu\u00eddas (<strong>Trabalhos Cient\u00edficos<\/strong>), ou, <strong>Trabalhos <\/strong>de natureza<strong> Educacional <\/strong>ou de <strong>Desenvolvimento Profissional<\/strong>. Todos os autores mencionados no resumo dever\u00e3o ter tido uma contribui\u00e7\u00e3o significativa no trabalho.<\/li>\n\n\n\n<li>O conte\u00fado dos resumos \u00e9 da responsabilidade dos seus autores. Se o trabalho, ou parte dele, j\u00e1 foi aceite ou publicado, os autores s\u00e3o respons\u00e1veis por garantir os direitos autorais necess\u00e1rios.<\/li>\n\n\n\n<li>O n\u00famero m\u00e1ximo de autores por comunica\u00e7\u00e3o \u00e9 de oito, e pelo menos um deles deve estar inscrito no evento cient\u00edfico.<\/li>\n\n\n\n<li>Cada autor pode apresentar no m\u00e1ximo dois trabalhos. O autor respons\u00e1vel pela apresenta\u00e7\u00e3o deve inscrever-se no evento at\u00e9 <s>14 de janeiro<\/s> <strong><mark style=\"background-color:rgba(0, 0, 0, 0)\" class=\"has-inline-color has-vivid-red-color\">31 de janeiro<\/mark><\/strong> de 2025 (aproveitando a tarifa reduzida) e deve estar dispon\u00edvel para participar na data e hora estabelecidas.<\/li>\n\n\n\n<li>A notifica\u00e7\u00e3o aos autores ser\u00e1 realizada por e-mail, para o endere\u00e7o fornecido na submiss\u00e3o do resumo, at\u00e9 <s>7 de janeiro<\/s> <strong><mark style=\"background-color:rgba(0, 0, 0, 0)\" class=\"has-inline-color has-vivid-red-color\">28 de janeiro<\/mark><\/strong> de 2025.<\/li>\n\n\n\n<li>Os idiomas oficiais do encontro s\u00e3o o Portugu\u00eas e o Ingl\u00eas.<\/li>\n<\/ul>\n\n\n\n<p><\/p>\n\n\n\n<p>A submiss\u00e3o dos resumos \u00e9 feita em formato .pdf utilizando <a href=\"https:\/\/docs.google.com\/forms\/d\/e\/1FAIpQLSdgJU7vVb09Jw8pYFDJ_YyWH2NyfL42mVH0eIv4Zfrpqz5tQQ\/viewform?vc=0&amp;c=0&amp;w=1&amp;flr=0\" target=\"_blank\" rel=\"noreferrer noopener\">este formul\u00e1rio<\/a>.<\/p>\n\n\n\n<p>Os trabalhos aceites para apresenta\u00e7\u00e3o na confer\u00eancia far\u00e3o parte do Livro de Resumos com eventual possibilidade de ISBN.<\/p>\n\n\n\n<p>&#8212;&#8212;&#8212;-<\/p>\n\n\n\n<p><em><mark style=\"background-color:rgba(0, 0, 0, 0)\" class=\"has-inline-color has-vivid-cyan-blue-color\">The period for abstract submissions (for oral communications or poster presentations) for the Medical Imaging and Radiotherapy Aveiro Meeting (MIRAM 2025) is open until January <s>7<\/s> <\/mark><strong><mark style=\"background-color:rgba(0, 0, 0, 0)\" class=\"has-inline-color has-vivid-red-color\">21<\/mark><\/strong><mark style=\"background-color:rgba(0, 0, 0, 0)\" class=\"has-inline-color has-vivid-cyan-blue-color\">,<\/mark><mark style=\"background-color:rgba(0, 0, 0, 0)\" class=\"has-inline-color has-vivid-cyan-blue-color\"> 2025.<\/mark><\/em><\/p>\n\n\n\n<ul class=\"wp-block-list\">\n<li><em><mark style=\"background-color:rgba(0, 0, 0, 0)\" class=\"has-inline-color has-vivid-cyan-blue-color\">S<\/mark><\/em><mark style=\"background-color:rgba(0, 0, 0, 0)\" class=\"has-inline-color has-vivid-cyan-blue-color\"><em>ubmitted works should be original research that has already been completed (<strong>Scientific Work<\/strong>)<\/em> or works of an Educational or Professional Development nature. All authors listed in the abstract must have contributed significantly<em> t<\/em><\/mark><em><mark style=\"background-color:rgba(0, 0, 0, 0)\" class=\"has-inline-color has-vivid-cyan-blue-color\">o the work.<\/mark><\/em><\/li>\n\n\n\n<li><em><mark style=\"background-color:rgba(0, 0, 0, 0)\" class=\"has-inline-color has-vivid-cyan-blue-color\">The author<\/mark><\/em><mark style=\"background-color:rgba(0, 0, 0, 0)\" class=\"has-inline-color has-vivid-cyan-blue-color\"><em>s are responsible <\/em>for the <\/mark><em><mark style=\"background-color:rgba(0, 0, 0, 0)\" class=\"has-inline-color has-vivid-cyan-blue-color\">content of the abstracts. If the work, or part of it, has already been accepted or published, the authors are responsible for ensuring that the necessary copyright permissions are obtained.<\/mark><\/em><\/li>\n\n\n\n<li><em><mark style=\"background-color:rgba(0, 0, 0, 0)\" class=\"has-inline-color has-vivid-cyan-blue-color\">The maximum number of authors per presentation is eight, and at least one author must be registered for the scientific event.<\/mark><\/em><\/li>\n\n\n\n<li><em><mark style=\"background-color:rgba(0, 0, 0, 0)\" class=\"has-inline-color has-vivid-cyan-blue-color\">Each author may submit a maximum of two works. The presenting author must register for the event by January <s>14<\/s> <\/mark><strong><mark style=\"background-color:rgba(0, 0, 0, 0)\" class=\"has-inline-color has-vivid-red-color\">31<\/mark><\/strong><mark style=\"background-color:rgba(0, 0, 0, 0)\" class=\"has-inline-color has-vivid-cyan-blue-color\">, 2025 (to take advantage of the reduced fee) and must be available to participate at the scheduled date and time.<\/mark><\/em><\/li>\n\n\n\n<li><em><mark style=\"background-color:rgba(0, 0, 0, 0)\" class=\"has-inline-color has-vivid-cyan-blue-color\">Notification to authors will be sent by email to the address provided during abstract submission by January <s>7<\/s> <\/mark><strong><mark style=\"background-color:rgba(0, 0, 0, 0)\" class=\"has-inline-color has-vivid-red-color\">28<\/mark><\/strong><mark style=\"background-color:rgba(0, 0, 0, 0)\" class=\"has-inline-color has-vivid-cyan-blue-color\">, 2025.<\/mark><\/em><\/li>\n\n\n\n<li><em><mark style=\"background-color:rgba(0, 0, 0, 0)\" class=\"has-inline-color has-vivid-cyan-blue-color\">The official languages of the meeting are Portuguese and English.<\/mark><\/em><\/li>\n<\/ul>\n\n\n\n<p><\/p>\n\n\n\n<p><em><mark style=\"background-color:rgba(0, 0, 0, 0)\" class=\"has-inline-color has-vivid-cyan-blue-color\">Abstract submissions must be made in .pdf format using <a href=\"https:\/\/docs.google.com\/forms\/d\/e\/1FAIpQLSdgJU7vVb09Jw8pYFDJ_YyWH2NyfL42mVH0eIv4Zfrpqz5tQQ\/viewform?vc=0&amp;c=0&amp;w=1&amp;flr=0\" target=\"_blank\" rel=\"noreferrer noopener\">this form<\/a>.<\/mark><\/em><\/p>\n\n\n\n<p><em><mark style=\"background-color:rgba(0, 0, 0, 0)\" class=\"has-inline-color has-vivid-cyan-blue-color\">Papers accepted for presentation at the conference will be part of the Book of Abstracts with the eventual possibility of ISBN<\/mark><\/em>.<\/p>\n\n\n\n<p><\/p>\n\n\n\n<hr class=\"wp-block-separator has-alpha-channel-opacity\"\/>\n\n\n\n<p class=\"has-vivid-green-cyan-color has-text-color has-link-color has-medium-font-size wp-elements-592a4ee445a2bf2708252feb9d69dd06\"><mark style=\"background-color:rgba(0, 0, 0, 0)\" class=\"has-inline-color has-black-color\"><strong>Categorias das Comunica\u00e7\u00f5es e Requisitos para a Apresenta\u00e7\u00e3o dos Resumos<\/strong> | <\/mark><strong><em><mark style=\"background-color:rgba(0, 0, 0, 0)\" class=\"has-inline-color has-vivid-cyan-blue-color\">Communications category and guidelines for abstracts presentation<\/mark><\/em><\/strong><\/p>\n\n\n\n<ul class=\"wp-block-list\">\n<li><strong>Comunica\u00e7\u00e3o oral<\/strong>&nbsp;\u2013 8 minutos de apresenta\u00e7\u00e3o e 2 minutos de discuss\u00e3o (total 10 minutos). A apresenta\u00e7\u00e3o final dever\u00e1 ser enviada at\u00e9&nbsp;<strong>dia&nbsp;3 de fevereiro&nbsp;<\/strong>por e-mail para <a href=\"mailto:essua-miram2025@ua.pt\">essua-miram2025@ua.pt<\/a>, &nbsp;em formato PPT&nbsp;e PDF. N\u00e3o o fazendo, poder\u00e1 n\u00e3o ser garantida a sua apresenta\u00e7\u00e3o com recursos tecnol\u00f3gicos adequados.<\/li>\n\n\n\n<li><strong>Posters<\/strong> \u2013&nbsp;estar\u00e3o dispon\u00edveis durante o evento, ser\u00e1 solicitada a presen\u00e7a do autor junto do mesmo quando for efetuada a sua apresenta\u00e7\u00e3o\/discuss\u00e3o. A vers\u00e3o final do poster dever\u00e1 ser entregue aos elementos do <em>staff<\/em> no dia 7 de fevereiro at\u00e9 \u00e0s 10:00.&nbsp; Ser\u00e1 oportunamente disponibilizado o modelo para o poster<em>.<\/em><\/li>\n\n\n\n<li>A decis\u00e3o final sobre se um trabalho caber\u00e1 na categoria de comunica\u00e7\u00e3o oral ou poster ser\u00e1 da Comiss\u00e3o Cient\u00edfica.<\/li>\n<\/ul>\n\n\n\n<p><\/p>\n\n\n\n<ul class=\"wp-block-list\">\n<li><strong><mark style=\"background-color:rgba(0, 0, 0, 0)\" class=\"has-inline-color has-vivid-cyan-blue-color\"><em>Oral Communication<\/em><\/mark><\/strong><em><mark style=\"background-color:rgba(0, 0, 0, 0)\" class=\"has-inline-color has-vivid-cyan-blue-color\"> \u2013 8 minutes for the presentation and 2 minutes for discussion (total of 10 minutes). The final presentation must be submitted by February 3 via email to <a href=\"mailto:essua-miram2025@ua.pt\">essua-miram2025@ua.pt<\/a>, in both PPT and PDF formats. Failure to do so may result in the inability to guarantee the use of appropriate technological resources for the presentation.<\/mark><\/em><\/li>\n<\/ul>\n\n\n\n<ul class=\"wp-block-list\">\n<li><strong><mark style=\"background-color:rgba(0, 0, 0, 0)\" class=\"has-inline-color has-vivid-cyan-blue-color\"><em>Poster<\/em><\/mark><\/strong><em><mark style=\"background-color:rgba(0, 0, 0, 0)\" class=\"has-inline-color has-vivid-cyan-blue-color\"> <strong>Presentation<\/strong><\/mark> <mark style=\"background-color:rgba(0, 0, 0, 0)\" class=\"has-inline-color has-vivid-cyan-blue-color\">\u2013 Posters will be displayed during the event, and the author will be required to be present next to their poster during the presentation\/discussion. The final version of the poster must be submitted to the staff on February 7 by 10:00 AM. A template for the poster will be provided in due course.<\/mark><\/em><\/li>\n<\/ul>\n\n\n\n<ul class=\"wp-block-list\">\n<li><em><mark style=\"background-color:rgba(0, 0, 0, 0)\" class=\"has-inline-color has-vivid-cyan-blue-color\">The final decision on whether a submission will be categorized as an oral communication or a poster will be made by the Scientific Committee.<\/mark><\/em><\/li>\n<\/ul>\n\n\n\n<p><\/p>\n\n\n\n<hr class=\"wp-block-separator has-alpha-channel-opacity\"\/>\n\n\n\n<p class=\"has-luminous-vivid-orange-color has-text-color has-link-color has-large-font-size wp-elements-13c0c50feb489153cc5b092d1eeb0342\"><mark style=\"background-color:rgba(0, 0, 0, 0)\" class=\"has-inline-color has-black-color\"><strong>Normas para a apresenta\u00e7\u00e3o de trabalhos<\/strong> | <\/mark><mark style=\"background-color:rgba(0, 0, 0, 0)\" class=\"has-inline-color has-vivid-cyan-blue-color\"><strong><em>Guidelines for Abstract Submission<\/em><\/strong><\/mark><\/p>\n\n\n\n<p>Os resumos dever\u00e3o ser escritos em&nbsp;Times New Roman, tamanho 12, espa\u00e7amento entre linhas de 1,5. Poder\u00e3o ser elaborados em qualquer uma das l\u00ednguas oficiais do Encontro (Portugu\u00eas ou Ingl\u00eas) e apresentado em formato <strong><mark style=\"background-color:rgba(0, 0, 0, 0)\" class=\"has-inline-color has-vivid-red-color\">.pdf<\/mark><\/strong> quando do preenchimento do formulario dispobilizado <strong><a href=\"https:\/\/docs.google.com\/forms\/d\/e\/1FAIpQLSdgJU7vVb09Jw8pYFDJ_YyWH2NyfL42mVH0eIv4Zfrpqz5tQQ\/viewform?vc=0&amp;c=0&amp;w=1&amp;flr=0\"><mark style=\"background-color:#fcb900\" class=\"has-inline-color has-vivid-cyan-blue-color\">aqui <\/mark><\/a><\/strong> <\/p>\n\n\n\n<p>Trabalhos Cient\u00edficos (limite de 500 palavras):<\/p>\n\n\n\n<div class=\"wp-block-group is-vertical is-layout-flex wp-container-core-group-is-layout-1 wp-block-group-is-layout-flex\">\n<ul class=\"wp-block-list\">\n<li>PALAVRAS-CHAVE &nbsp;\u2013 entre 3 a 5 palavras chave (MESH terms)<\/li>\n\n\n\n<li>INTRODU\u00c7\u00c3O (enquadramento &amp; objetivos).<\/li>\n\n\n\n<li>MATERIAL E M\u00c9TODOS<\/li>\n\n\n\n<li>RESULTADOS<\/li>\n\n\n\n<li>DISCUSS\u00c3O<\/li>\n\n\n\n<li>CONCLUS\u00c3O<\/li>\n\n\n\n<li><mark style=\"background-color:rgba(0, 0, 0, 0)\" class=\"has-inline-color has-black-color\">BIBLIOGRAFI<\/mark>A<\/li>\n<\/ul>\n<\/div>\n\n\n\n<p><\/p>\n\n\n\n<p>Trabalhos de natureza Educacional ou de desenvolvimento profissional (limite de 500 palavras):<\/p>\n\n\n\n<ul class=\"wp-block-list\">\n<li>PALAVRAS CHAVE \u2013 entre 3 a 5 palavras chave (MESH terms)<\/li>\n\n\n\n<li>OBJETIVOS DE APRENDIZAGEM OU OBJETIVOS<\/li>\n\n\n\n<li>ENQUADRAMENTO<\/li>\n\n\n\n<li>PROCEDIMENTOS<\/li>\n\n\n\n<li>RESULTADOS<\/li>\n\n\n\n<li>CONCLUS\u00c3O<\/li>\n\n\n\n<li><mark style=\"background-color:rgba(0, 0, 0, 0)\" class=\"has-inline-color has-black-color\">BIBLIOGRAFI<\/mark>A<\/li>\n<\/ul>\n\n\n\n<p><\/p>\n\n\n\n<p><em><mark style=\"background-color:rgba(0, 0, 0, 0)\" class=\"has-inline-color has-vivid-cyan-blue-color\">Abstracts must be written in Times New Roman, size 12, with a line spacing of 1.5. They can be prepared in any of the meeting&#8217;s official languages (Portuguese or English) and presented in .pdf format when filling out the form available<\/mark><strong><mark style=\"background-color:#fcb900\" class=\"has-inline-color has-vivid-red-color\"> <a href=\"http:\/\/docs.google.com\/forms\/d\/e\/1FAIpQLSdgJU7vVb09Jw8pYFDJ_YyWH2NyfL42mVH0eIv4Zfrpqz5tQQ\/viewform?vc=0&amp;c=0&amp;w=1&amp;flr=0 \u2197\">here<\/a>.<\/mark><\/strong><\/em><\/p>\n\n\n\n<p><em><mark style=\"background-color:rgba(0, 0, 0, 0)\" class=\"has-inline-color has-vivid-cyan-blue-color\">Scientific Work (limit of 500 words):<\/mark><\/em><\/p>\n\n\n\n<ul class=\"wp-block-list\">\n<li><em><mark style=\"background-color:rgba(0, 0, 0, 0)\" class=\"has-inline-color has-vivid-cyan-blue-color\">KEYWORDS \u2013 between 3 to 5 keywords (MESH terms)<\/mark><\/em><\/li>\n\n\n\n<li><em><mark style=\"background-color:rgba(0, 0, 0, 0)\" class=\"has-inline-color has-vivid-cyan-blue-color\">INTRODUCTION (background &amp; objectives)<\/mark><\/em><\/li>\n\n\n\n<li><em><mark style=\"background-color:rgba(0, 0, 0, 0)\" class=\"has-inline-color has-vivid-cyan-blue-color\">MATERIALS AND METHODS<\/mark><\/em><\/li>\n\n\n\n<li><em><mark style=\"background-color:rgba(0, 0, 0, 0)\" class=\"has-inline-color has-vivid-cyan-blue-color\">RESULTS<\/mark><\/em><\/li>\n\n\n\n<li><em><mark style=\"background-color:rgba(0, 0, 0, 0)\" class=\"has-inline-color has-vivid-cyan-blue-color\">DISCUSSION<\/mark><\/em><\/li>\n\n\n\n<li><em><mark style=\"background-color:rgba(0, 0, 0, 0)\" class=\"has-inline-color has-vivid-cyan-blue-color\">CONCLUSION<\/mark><\/em><\/li>\n\n\n\n<li><em><mark style=\"background-color:rgba(0, 0, 0, 0)\" class=\"has-inline-color has-vivid-cyan-blue-color\">BIBLIOGRAPHY<\/mark><\/em><\/li>\n<\/ul>\n\n\n\n<h1 class=\"wp-block-heading has-small-font-size\">&nbsp;<\/h1>\n\n\n\n<p><mark style=\"background-color:rgba(0, 0, 0, 0)\" class=\"has-inline-color has-vivid-cyan-blue-color\"><em>Educational or Professional Development work (limit of 500 words)<\/em>:<\/mark><\/p>\n\n\n\n<div class=\"wp-block-group is-vertical is-layout-flex wp-container-core-group-is-layout-4 wp-block-group-is-layout-flex\">\n<div class=\"wp-block-group\"><div class=\"wp-block-group__inner-container is-layout-constrained wp-block-group-is-layout-constrained\">\n<div class=\"wp-block-group\"><div class=\"wp-block-group__inner-container is-layout-constrained wp-block-group-is-layout-constrained\">\n<ul class=\"wp-block-list\">\n<li><em><mark style=\"background-color:rgba(0, 0, 0, 0)\" class=\"has-inline-color has-vivid-cyan-blue-color\">KEYWORDS \u2013 between 3 to 5 keywords (MESH terms)<\/mark><\/em><\/li>\n\n\n\n<li><em><mark style=\"background-color:rgba(0, 0, 0, 0)\" class=\"has-inline-color has-vivid-cyan-blue-color\">LEARNING OBJECTIVES OR GOALS<\/mark><\/em><\/li>\n\n\n\n<li><em><mark style=\"background-color:rgba(0, 0, 0, 0)\" class=\"has-inline-color has-vivid-cyan-blue-color\">BACKGROUND<\/mark><\/em><\/li>\n\n\n\n<li><em><mark style=\"background-color:rgba(0, 0, 0, 0)\" class=\"has-inline-color has-vivid-cyan-blue-color\">PROCEDURES<\/mark><\/em><\/li>\n\n\n\n<li><em><mark style=\"background-color:rgba(0, 0, 0, 0)\" class=\"has-inline-color has-vivid-cyan-blue-color\">RESULTS<\/mark><\/em><\/li>\n\n\n\n<li><em><mark style=\"background-color:rgba(0, 0, 0, 0)\" class=\"has-inline-color has-vivid-cyan-blue-color\">CONCLUSION<\/mark><\/em><\/li>\n\n\n\n<li><em><mark style=\"background-color:rgba(0, 0, 0, 0)\" class=\"has-inline-color has-vivid-cyan-blue-color\">BIBLIOGRAPHY<\/mark><\/em><\/li>\n<\/ul>\n<\/div><\/div>\n<\/div><\/div>\n<\/div>\n\n\n\n<p><\/p>\n","protected":false},"excerpt":{"rendered":"<p>At\u00e9 7 de janeiro 21 de janeiro de 2025, encontra-se aberto o per\u00edodo para submiss\u00e3o de resumos (para comunica\u00e7\u00f5es livres orais ou em formato de poster) para o Medical Imaging and Radiotherapy Aveiro\u2019s Meeting (MIRAM 2025). A submiss\u00e3o dos resumos \u00e9 feita em formato .pdf utilizando este formul\u00e1rio. Os trabalhos aceites para apresenta\u00e7\u00e3o na confer\u00eancia &hellip; <\/p>\n","protected":false},"author":1,"featured_media":0,"parent":0,"menu_order":0,"comment_status":"closed","ping_status":"closed","template":"","meta":{"footnotes":""},"class_list":["post-367","page","type-page","status-publish","hentry"],"amp_enabled":true,"_links":{"self":[{"href":"https:\/\/miram2025.web.ua.pt\/index.php?rest_route=\/wp\/v2\/pages\/367"}],"collection":[{"href":"https:\/\/miram2025.web.ua.pt\/index.php?rest_route=\/wp\/v2\/pages"}],"about":[{"href":"https:\/\/miram2025.web.ua.pt\/index.php?rest_route=\/wp\/v2\/types\/page"}],"author":[{"embeddable":true,"href":"https:\/\/miram2025.web.ua.pt\/index.php?rest_route=\/wp\/v2\/users\/1"}],"replies":[{"embeddable":true,"href":"https:\/\/miram2025.web.ua.pt\/index.php?rest_route=%2Fwp%2Fv2%2Fcomments&post=367"}],"version-history":[{"count":51,"href":"https:\/\/miram2025.web.ua.pt\/index.php?rest_route=\/wp\/v2\/pages\/367\/revisions"}],"predecessor-version":[{"id":2552,"href":"https:\/\/miram2025.web.ua.pt\/index.php?rest_route=\/wp\/v2\/pages\/367\/revisions\/2552"}],"wp:attachment":[{"href":"https:\/\/miram2025.web.ua.pt\/index.php?rest_route=%2Fwp%2Fv2%2Fmedia&parent=367"}],"curies":[{"name":"wp","href":"https:\/\/api.w.org\/{rel}","templated":true}]}}