{"id":430,"date":"2024-11-08T23:38:13","date_gmt":"2024-11-08T23:38:13","guid":{"rendered":"https:\/\/miram2025.web.ua.pt\/?page_id=430"},"modified":"2024-12-17T11:07:25","modified_gmt":"2024-12-17T11:07:25","slug":"bem-vindo-welcome","status":"publish","type":"page","link":"https:\/\/miram2025.web.ua.pt\/?page_id=430","title":{"rendered":"Bem-Vindo \/ Welcome"},"content":{"rendered":"\n<p><strong>Bem-vindos ao Medical Imaging and Radiotherapy Aveiro\u00b4s Meeting<\/strong><strong> 2025<\/strong><\/p>\n\n\n\n<p>\u00c9 com grande entusiasmo que a Universidade de Aveiro, e a sua Escola Superior de Sa\u00fade, abrem as suas portas para mais uma edi\u00e7\u00e3o do Medical Imaging and Radiotherapy Aveiro\u00b4s Meeting. Este encontro re\u00fane a academia, profissionais de sa\u00fade e empresas com o intuito de discutir alguns dos avan\u00e7os mais recentes e aplica\u00e7\u00f5es inovadoras no \u00e2mbito da Imagem M\u00e9dica e Radioterapia relativamente a condi\u00e7\u00f5es oncol\u00f3gicas cerebrais, da Intelig\u00eancia Artificial, da Prote\u00e7\u00e3o Radiol\u00f3gica e Seguran\u00e7a em Resson\u00e2ncia Magn\u00e9tica.<\/p>\n\n\n\n<p>A Intelig\u00eancia Artificial tem transformado a Imagem M\u00e9dica e Radioterapia, trazendo melhorias significativas no diagn\u00f3stico, planeamento terap\u00eautico e personaliza\u00e7\u00e3o dos cuidados em sa\u00fade. Durante este evento, exploraremos como algumas destas tecnologias podem moldar o futuro do exerc\u00edcio profissional, enquanto refor\u00e7amos o nosso compromisso com a seguran\u00e7a e a prote\u00e7\u00e3o do paciente. Neste \u00e2mbito, destacamos a import\u00e2ncia da Prote\u00e7\u00e3o Radiol\u00f3gica e da Seguran\u00e7a em Resson\u00e2ncia Magn\u00e9tica, pilares fundamentais para garantir uma pr\u00e1tica cl\u00ednica \u00e9tica, eficaz e segura.<\/p>\n\n\n\n<p>Este ser\u00e1 um espa\u00e7o para aprender, compartilhar experi\u00eancias e promover a colabora\u00e7\u00e3o interdisciplinar, fomentando o avan\u00e7o cont\u00ednuo dessas \u00e1reas cr\u00edticas.<\/p>\n\n\n\n<p>Convidamos todos a aproveitar as sess\u00f5es de palestras, workshops e discuss\u00f5es, al\u00e9m de explorar as oportunidades de <em>networking<\/em> com colegas e especialistas. Juntos, vamos construir conhecimento, inspirar inova\u00e7\u00e3o e fortalecer a nossa comunidade profissional.<\/p>\n\n\n\n<p>Sejam muito bem-vindos \u00e0 Universidade de Aveiro e ao Medical Imaging and Radiotherapy Aveiro\u00b4s Meeting 2025!<\/p>\n\n\n\n<p>Que este evento seja produtivo, inspirador e marcante para todos n\u00f3s!<\/p>\n\n\n\n<p>Visite o <a href=\"https:\/\/miram2025.web.ua.pt\/?page_id=343\">programa <\/a>que prepar\u00e1mos especialmente para si!<\/p>\n\n\n\n<p><strong><em>Welcome to the Medical Imaging and Radiotherapy Aveiro&#8217;s Meeting 2025<\/em><\/strong><\/p>\n\n\n\n<p><em><mark style=\"background-color:rgba(0, 0, 0, 0)\" class=\"has-inline-color has-vivid-cyan-blue-color\">The University of Aveiro and its School of Health Sciences enthusiastically welcome you to another edition of the Medical Imaging and Radiotherapy Aveiro&#8217;s Meeting. This event brings together specialists, academics, and professionals to discuss some of the most recent advancements and innovative applications in the field of Medical Imaging and Radiotherapy for brain-related oncological conditions, as well as in the areas of Artificial Intelligence in Medical Imaging and Radiotherapy, Radiological Protection, and Magnetic Resonance Safety.<\/mark><\/em><\/p>\n\n\n\n<p><em><mark style=\"background-color:rgba(0, 0, 0, 0)\" class=\"has-inline-color has-vivid-cyan-blue-color\">Artificial Intelligence has transformed Medical Imaging and Radiotherapy, significantly improving diagnostics, therapeutic planning, and personalized healthcare. During this event, we will explore how some of these technologies are shaping the future of professional practice while reinforcing our commitment to patient safety and protection. In this regard, we emphasize the importance of Radiological Protection and Magnetic Resonance Safety, which are essential to ensure ethical, effective, and safe clinical practice.<\/mark><\/em><\/p>\n\n\n\n<p><em><mark style=\"background-color:rgba(0, 0, 0, 0)\" class=\"has-inline-color has-vivid-cyan-blue-color\">This event will be a space to learn, share experiences, and promote interdisciplinary collaboration, fostering continuous progress in these critical fields.<\/mark><\/em><\/p>\n\n\n\n<p><em><mark style=\"background-color:rgba(0, 0, 0, 0)\" class=\"has-inline-color has-vivid-cyan-blue-color\">We invite everyone to make the most of the lectures, workshops, and discussions and to explore networking opportunities with colleagues and experts. We will build knowledge, inspire innovation, and strengthen our professional community.<\/mark><\/em><\/p>\n\n\n\n<p><em><mark style=\"background-color:rgba(0, 0, 0, 0)\" class=\"has-inline-color has-vivid-cyan-blue-color\">Welcome to the University of Aveiro and the Medical Imaging and Radiotherapy Aveiro&#8217;s Meeting 2025!<\/mark><\/em><\/p>\n\n\n\n<p><em><mark style=\"background-color:rgba(0, 0, 0, 0)\" class=\"has-inline-color has-vivid-cyan-blue-color\">May this event be a productive, inspiring, and memorable experience!<\/mark><\/em><\/p>\n\n\n\n<p><mark style=\"background-color:rgba(0, 0, 0, 0)\" class=\"has-inline-color has-vivid-cyan-blue-color\"><em>Visit the <\/em><\/mark><a href=\"https:\/\/miram2025.web.ua.pt\/?page_id=343\"><em><mark style=\"background-color:rgba(0, 0, 0, 0)\" class=\"has-inline-color has-light-green-cyan-color\">program<\/mark><\/em><\/a><mark style=\"background-color:rgba(0, 0, 0, 0)\" class=\"has-inline-color has-vivid-cyan-blue-color\"><em> we&#8217;ve specially prepared for you!<\/em><\/mark><\/p>\n\n\n\n<p><\/p>\n","protected":false},"excerpt":{"rendered":"<p>Bem-vindos ao Medical Imaging and Radiotherapy Aveiro\u00b4s Meeting 2025 \u00c9 com grande entusiasmo que a Universidade de Aveiro, e a sua Escola Superior de Sa\u00fade, abrem as suas portas para mais uma edi\u00e7\u00e3o do Medical Imaging and Radiotherapy Aveiro\u00b4s Meeting. Este encontro re\u00fane a academia, profissionais de sa\u00fade e empresas com o intuito de discutir &hellip; <\/p>\n","protected":false},"author":1,"featured_media":0,"parent":0,"menu_order":0,"comment_status":"closed","ping_status":"closed","template":"","meta":{"footnotes":""},"class_list":["post-430","page","type-page","status-publish","hentry"],"amp_enabled":true,"_links":{"self":[{"href":"https:\/\/miram2025.web.ua.pt\/index.php?rest_route=\/wp\/v2\/pages\/430"}],"collection":[{"href":"https:\/\/miram2025.web.ua.pt\/index.php?rest_route=\/wp\/v2\/pages"}],"about":[{"href":"https:\/\/miram2025.web.ua.pt\/index.php?rest_route=\/wp\/v2\/types\/page"}],"author":[{"embeddable":true,"href":"https:\/\/miram2025.web.ua.pt\/index.php?rest_route=\/wp\/v2\/users\/1"}],"replies":[{"embeddable":true,"href":"https:\/\/miram2025.web.ua.pt\/index.php?rest_route=%2Fwp%2Fv2%2Fcomments&post=430"}],"version-history":[{"count":16,"href":"https:\/\/miram2025.web.ua.pt\/index.php?rest_route=\/wp\/v2\/pages\/430\/revisions"}],"predecessor-version":[{"id":2067,"href":"https:\/\/miram2025.web.ua.pt\/index.php?rest_route=\/wp\/v2\/pages\/430\/revisions\/2067"}],"wp:attachment":[{"href":"https:\/\/miram2025.web.ua.pt\/index.php?rest_route=%2Fwp%2Fv2%2Fmedia&parent=430"}],"curies":[{"name":"wp","href":"https:\/\/api.w.org\/{rel}","templated":true}]}}